{"id":64,"date":"2025-02-01T18:07:36","date_gmt":"2025-02-01T17:07:36","guid":{"rendered":"https:\/\/kistehgw.de\/?page_id=64"},"modified":"2025-02-21T22:34:15","modified_gmt":"2025-02-21T21:34:15","slug":"spielkiste","status":"publish","type":"page","link":"https:\/\/kistehgw.de\/index.php\/eventseite\/spielkiste\/","title":{"rendered":"Spielkiste"},"content":{"rendered":"\n<div class=\"wp-block-media-text is-stacked-on-mobile\" style=\"grid-template-columns:32% auto\"><figure class=\"wp-block-media-text__media\"><img loading=\"lazy\" decoding=\"async\" width=\"868\" height=\"1024\" src=\"https:\/\/kistehgw.de\/wp-content\/uploads\/2025\/02\/Logo2-868x1024.png\" alt=\"\" class=\"wp-image-66 size-full\" srcset=\"https:\/\/kistehgw.de\/wp-content\/uploads\/2025\/02\/Logo2-868x1024.png 868w, https:\/\/kistehgw.de\/wp-content\/uploads\/2025\/02\/Logo2-254x300.png 254w, https:\/\/kistehgw.de\/wp-content\/uploads\/2025\/02\/Logo2-768x907.png 768w, https:\/\/kistehgw.de\/wp-content\/uploads\/2025\/02\/Logo2.png 1048w\" sizes=\"auto, (max-width: 868px) 100vw, 868px\" \/><\/figure><div class=\"wp-block-media-text__content\">\n<h2 class=\"wp-block-heading\">Die Spielkiste<\/h2>\n\n\n\n<p>Unsere monatliche Veranstaltung in der Kiste. Hier k\u00f6nnt Ihr regelm\u00e4\u00dfig Pen and Paper spielen und eure Spielleiter-Skills trainieren.<\/p>\n<\/div><\/div>\n\n\n<ul><li><a href=\"https:\/\/kistehgw.de\/index.php\/veranstaltung\/spielkiste-12-04-2026\/\">Spielkiste 12.04.2026<\/a> - 12. April 2026<\/li><\/ul>\n\n\n\n<p><\/p>\n","protected":false},"excerpt":{"rendered":"<p>Die Spielkiste Unsere monatliche Veranstaltung in der Kiste. Hier k\u00f6nnt Ihr regelm\u00e4\u00dfig Pen and Paper spielen und eure Spielleiter-Skills trainieren.<\/p>\n","protected":false},"author":2,"featured_media":0,"parent":32,"menu_order":0,"comment_status":"closed","ping_status":"closed","template":"","meta":{"_EventAllDay":false,"_EventTimezone":"","_EventStartDate":"","_EventEndDate":"","_EventStartDateUTC":"","_EventEndDateUTC":"","_EventShowMap":false,"_EventShowMapLink":false,"_EventURL":"","_EventCost":"","_EventCostDescription":"","_EventCurrencySymbol":"","_EventCurrencyCode":"","_EventCurrencyPosition":"","_EventDateTimeSeparator":"","_EventTimeRangeSeparator":"","_EventOrganizerID":[],"_EventVenueID":[],"_OrganizerEmail":"","_OrganizerPhone":"","_OrganizerWebsite":"","_VenueAddress":"","_VenueCity":"","_VenueCountry":"","_VenueProvince":"","_VenueState":"","_VenueZip":"","_VenuePhone":"","_VenueURL":"","_VenueStateProvince":"","_VenueLat":"","_VenueLng":"","_VenueShowMap":false,"_VenueShowMapLink":false,"footnotes":""},"class_list":["post-64","page","type-page","status-publish","hentry","cat_spielkiste"],"_links":{"self":[{"href":"https:\/\/kistehgw.de\/index.php\/wp-json\/wp\/v2\/pages\/64","targetHints":{"allow":["GET"]}}],"collection":[{"href":"https:\/\/kistehgw.de\/index.php\/wp-json\/wp\/v2\/pages"}],"about":[{"href":"https:\/\/kistehgw.de\/index.php\/wp-json\/wp\/v2\/types\/page"}],"author":[{"embeddable":true,"href":"https:\/\/kistehgw.de\/index.php\/wp-json\/wp\/v2\/users\/2"}],"replies":[{"embeddable":true,"href":"https:\/\/kistehgw.de\/index.php\/wp-json\/wp\/v2\/comments?post=64"}],"version-history":[{"count":2,"href":"https:\/\/kistehgw.de\/index.php\/wp-json\/wp\/v2\/pages\/64\/revisions"}],"predecessor-version":[{"id":165,"href":"https:\/\/kistehgw.de\/index.php\/wp-json\/wp\/v2\/pages\/64\/revisions\/165"}],"up":[{"embeddable":true,"href":"https:\/\/kistehgw.de\/index.php\/wp-json\/wp\/v2\/pages\/32"}],"wp:attachment":[{"href":"https:\/\/kistehgw.de\/index.php\/wp-json\/wp\/v2\/media?parent=64"}],"curies":[{"name":"wp","href":"https:\/\/api.w.org\/{rel}","templated":true}]}}