{"id":571,"date":"2026-02-07T12:32:08","date_gmt":"2026-02-07T11:32:08","guid":{"rendered":"https:\/\/kistehgw.de\/?page_id=571"},"modified":"2026-02-07T13:55:15","modified_gmt":"2026-02-07T12:55:15","slug":"flohmarkt","status":"publish","type":"page","link":"https:\/\/kistehgw.de\/index.php\/eventseite\/flohmarkt\/","title":{"rendered":"Flohmarkt"},"content":{"rendered":"\n<div class=\"wp-block-media-text is-stacked-on-mobile\" style=\"grid-template-columns:45% auto\"><figure class=\"wp-block-media-text__media\"><img loading=\"lazy\" decoding=\"async\" width=\"240\" height=\"300\" src=\"https:\/\/kistehgw.de\/wp-content\/uploads\/2026\/02\/Flohmarkt_20260118_181336_0000-240x300-1.png\" alt=\"\" class=\"wp-image-572 size-full\"\/><\/figure><div class=\"wp-block-media-text__content\">\n<p class=\"has-medium-font-size\"><strong>Dein Schrank ist zu voll?<\/strong><\/p>\n\n\n\n<p class=\"has-medium-font-size\">Kein Problem, wir haben die L\u00f6sung f\u00fcr euch!<br>Der Kiste-Flohmarkt, eure Chance Platz f\u00fcr neues zu machen.<\/p>\n\n\n\n<p class=\"has-medium-font-size\">Anmeldungen laufen \u00fcber:<\/p>\n\n\n\n<p class=\"has-medium-font-size\">Flohmarkt.kistehgw@outlook.de<\/p>\n\n\n\n<p class=\"has-medium-font-size\">Gibt in der Mail bitte euren vollen Namen an und wir reservieren euch einen Tisch:)<br>Die 5\u20ac zahlt ihr dann einfach bei eurer Ankunft und schon kann das kaufen &amp; verkaufen starten.<\/p>\n<\/div><\/div>\n\n\n<ul><li>Keine Events gefunden.<\/li><\/ul>\n","protected":false},"excerpt":{"rendered":"<p>Dein Schrank ist zu voll? Kein Problem, wir haben die L\u00f6sung f\u00fcr euch!Der Kiste-Flohmarkt, eure Chance Platz f\u00fcr neues zu machen. Anmeldungen laufen \u00fcber: Flohmarkt.kistehgw@outlook.de Gibt in der Mail bitte [&hellip;]<\/p>\n","protected":false},"author":2,"featured_media":0,"parent":32,"menu_order":0,"comment_status":"closed","ping_status":"closed","template":"","meta":{"_EventAllDay":false,"_EventTimezone":"","_EventStartDate":"","_EventEndDate":"","_EventStartDateUTC":"","_EventEndDateUTC":"","_EventShowMap":false,"_EventShowMapLink":false,"_EventURL":"","_EventCost":"","_EventCostDescription":"","_EventCurrencySymbol":"","_EventCurrencyCode":"","_EventCurrencyPosition":"","_EventDateTimeSeparator":"","_EventTimeRangeSeparator":"","_EventOrganizerID":[],"_EventVenueID":[],"_OrganizerEmail":"","_OrganizerPhone":"","_OrganizerWebsite":"","_VenueAddress":"","_VenueCity":"","_VenueCountry":"","_VenueProvince":"","_VenueState":"","_VenueZip":"","_VenuePhone":"","_VenueURL":"","_VenueStateProvince":"","_VenueLat":"","_VenueLng":"","_VenueShowMap":false,"_VenueShowMapLink":false,"footnotes":""},"class_list":["post-571","page","type-page","status-publish","hentry"],"_links":{"self":[{"href":"https:\/\/kistehgw.de\/index.php\/wp-json\/wp\/v2\/pages\/571","targetHints":{"allow":["GET"]}}],"collection":[{"href":"https:\/\/kistehgw.de\/index.php\/wp-json\/wp\/v2\/pages"}],"about":[{"href":"https:\/\/kistehgw.de\/index.php\/wp-json\/wp\/v2\/types\/page"}],"author":[{"embeddable":true,"href":"https:\/\/kistehgw.de\/index.php\/wp-json\/wp\/v2\/users\/2"}],"replies":[{"embeddable":true,"href":"https:\/\/kistehgw.de\/index.php\/wp-json\/wp\/v2\/comments?post=571"}],"version-history":[{"count":1,"href":"https:\/\/kistehgw.de\/index.php\/wp-json\/wp\/v2\/pages\/571\/revisions"}],"predecessor-version":[{"id":573,"href":"https:\/\/kistehgw.de\/index.php\/wp-json\/wp\/v2\/pages\/571\/revisions\/573"}],"up":[{"embeddable":true,"href":"https:\/\/kistehgw.de\/index.php\/wp-json\/wp\/v2\/pages\/32"}],"wp:attachment":[{"href":"https:\/\/kistehgw.de\/index.php\/wp-json\/wp\/v2\/media?parent=571"}],"curies":[{"name":"wp","href":"https:\/\/api.w.org\/{rel}","templated":true}]}}