{"id":23,"date":"2025-02-01T14:44:09","date_gmt":"2025-02-01T14:44:09","guid":{"rendered":"https:\/\/kistehgw.de\/?page_id=23"},"modified":"2025-02-22T18:46:24","modified_gmt":"2025-02-22T17:46:24","slug":"kiste-karaoke","status":"publish","type":"page","link":"https:\/\/kistehgw.de\/index.php\/eventseite\/kiste-karaoke\/","title":{"rendered":"Kiste-Karaoke"},"content":{"rendered":"\n<div class=\"wp-block-media-text alignwide is-stacked-on-mobile\" style=\"border-style:none;border-width:0px;margin-top:0;margin-right:0;margin-bottom:0;margin-left:0;padding-right:0;padding-left:0\"><figure class=\"wp-block-media-text__media\"><img loading=\"lazy\" decoding=\"async\" width=\"823\" height=\"1024\" src=\"https:\/\/kistehgw.de\/wp-content\/uploads\/2025\/02\/Screenshot-2025-02-01-145429-823x1024.jpg\" alt=\"\" class=\"wp-image-25 size-full\" srcset=\"https:\/\/kistehgw.de\/wp-content\/uploads\/2025\/02\/Screenshot-2025-02-01-145429-823x1024.jpg 823w, https:\/\/kistehgw.de\/wp-content\/uploads\/2025\/02\/Screenshot-2025-02-01-145429-241x300.jpg 241w, https:\/\/kistehgw.de\/wp-content\/uploads\/2025\/02\/Screenshot-2025-02-01-145429-768x956.jpg 768w, https:\/\/kistehgw.de\/wp-content\/uploads\/2025\/02\/Screenshot-2025-02-01-145429.jpg 981w\" sizes=\"auto, (max-width: 823px) 100vw, 823px\" \/><\/figure><div class=\"wp-block-media-text__content\">\n<p class=\"has-medium-font-size\">Bist du bereit, die B\u00fchne zu betreten und dein inneres Superstar-Ich zu entfesseln? Dann komm zu unseren aufregenden Karaokeabenden, wo wir unsere gem\u00fctliche Tanzfl\u00e4che in eine pulsierende B\u00fchne verwandeln, auf welcher du und deine Freunde die Hits eurer Lieblingsk\u00fcnstler zum Besten geben k\u00f6nnt! <\/p>\n\n\n\n<p class=\"has-medium-font-size\">W\u00e4hle aus einer gro\u00dfen Auswahl an Songs und lass dich vom Publikum mit Applaus und Jubel anfeuern! <\/p>\n\n\n\n<p class=\"has-medium-font-size\">Egal ob leidenschaftlicher S\u00e4nger, sch\u00fcchterner Anf\u00e4nger oder stiller Beobachter, hier ist jeder willkommen! (Solange man einen Personalausweis dabei hat ;))<\/p>\n<\/div><\/div>\n\n\n<ul><li><a href=\"https:\/\/kistehgw.de\/index.php\/veranstaltung\/karaoke-06-04-2026\/\">Karaoke 06.04.2026<\/a> - 6. April 2026<\/li><\/ul>\n\n\n\n<p><\/p>\n","protected":false},"excerpt":{"rendered":"<p>Bist du bereit, die B\u00fchne zu betreten und dein inneres Superstar-Ich zu entfesseln? Dann komm zu unseren aufregenden Karaokeabenden, wo wir unsere gem\u00fctliche Tanzfl\u00e4che in eine pulsierende B\u00fchne verwandeln, auf [&hellip;]<\/p>\n","protected":false},"author":2,"featured_media":0,"parent":32,"menu_order":0,"comment_status":"closed","ping_status":"closed","template":"","meta":{"_EventAllDay":false,"_EventTimezone":"","_EventStartDate":"","_EventEndDate":"","_EventStartDateUTC":"","_EventEndDateUTC":"","_EventShowMap":false,"_EventShowMapLink":false,"_EventURL":"","_EventCost":"","_EventCostDescription":"","_EventCurrencySymbol":"","_EventCurrencyCode":"","_EventCurrencyPosition":"","_EventDateTimeSeparator":"","_EventTimeRangeSeparator":"","_EventOrganizerID":[],"_EventVenueID":[],"_OrganizerEmail":"","_OrganizerPhone":"","_OrganizerWebsite":"","_VenueAddress":"","_VenueCity":"","_VenueCountry":"","_VenueProvince":"","_VenueState":"","_VenueZip":"","_VenuePhone":"","_VenueURL":"","_VenueStateProvince":"","_VenueLat":"","_VenueLng":"","_VenueShowMap":false,"_VenueShowMapLink":false,"footnotes":""},"class_list":["post-23","page","type-page","status-publish","hentry","cat_karaoke"],"_links":{"self":[{"href":"https:\/\/kistehgw.de\/index.php\/wp-json\/wp\/v2\/pages\/23","targetHints":{"allow":["GET"]}}],"collection":[{"href":"https:\/\/kistehgw.de\/index.php\/wp-json\/wp\/v2\/pages"}],"about":[{"href":"https:\/\/kistehgw.de\/index.php\/wp-json\/wp\/v2\/types\/page"}],"author":[{"embeddable":true,"href":"https:\/\/kistehgw.de\/index.php\/wp-json\/wp\/v2\/users\/2"}],"replies":[{"embeddable":true,"href":"https:\/\/kistehgw.de\/index.php\/wp-json\/wp\/v2\/comments?post=23"}],"version-history":[{"count":6,"href":"https:\/\/kistehgw.de\/index.php\/wp-json\/wp\/v2\/pages\/23\/revisions"}],"predecessor-version":[{"id":244,"href":"https:\/\/kistehgw.de\/index.php\/wp-json\/wp\/v2\/pages\/23\/revisions\/244"}],"up":[{"embeddable":true,"href":"https:\/\/kistehgw.de\/index.php\/wp-json\/wp\/v2\/pages\/32"}],"wp:attachment":[{"href":"https:\/\/kistehgw.de\/index.php\/wp-json\/wp\/v2\/media?parent=23"}],"curies":[{"name":"wp","href":"https:\/\/api.w.org\/{rel}","templated":true}]}}