{"id":219,"date":"2025-02-22T18:14:56","date_gmt":"2025-02-22T17:14:56","guid":{"rendered":"https:\/\/kistehgw.de\/?page_id=219"},"modified":"2025-02-22T18:47:59","modified_gmt":"2025-02-22T17:47:59","slug":"parties","status":"publish","type":"page","link":"https:\/\/kistehgw.de\/index.php\/eventseite\/parties\/","title":{"rendered":"Parties"},"content":{"rendered":"\n<div class=\"wp-block-media-text alignwide is-stacked-on-mobile\"><figure class=\"wp-block-media-text__media\"><\/figure><div class=\"wp-block-media-text__content\">\n<p class=\"has-medium-font-size\">Einmal so richtig abschalten, sich in der Musik verlieren und tanzen. F\u00fcr die, die es gerne nicht so heavy und mehr girly pop haben, sind unsere Mainstreampartys genau das richtige daf\u00fcr. Der Stress von der Uni oder aus dem Alltag bleibt einfach zuhause liegen, die besten Freunde werden geschnappt und ab gehts in den Club. <\/p>\n\n\n\n<p class=\"has-medium-font-size\">Angenehmes Ambiente, gute Getr\u00e4nke, tolle Musik und gro\u00dfartige Clubmenschen \u00fcberall im Club verteilt, denen man nach dem ein oder anderem Schluck zu viel auch gerne mal das Herz aussch\u00fctten kann. So sorgen wir rundum f\u00fcr euch, damit es an nichts fehlt. <\/p>\n\n\n\n<p class=\"has-medium-font-size\">Das h\u00f6rt sich nach einem tollen Abend f\u00fcr dich an? Na dann sehen wir uns ja bei der n\u00e4chsten Party!<\/p>\n<\/div><\/div>\n\n\n<ul><li><a href=\"https:\/\/kistehgw.de\/index.php\/veranstaltung\/reggaeton-09-05-2026\/\">Reggaeton 09.05.2026<\/a> - 9. Mai 2026<\/li><li><a href=\"https:\/\/kistehgw.de\/index.php\/veranstaltung\/metalabend-23-05-2026\/\">Metalabend 23.05.2026<\/a> - 23. Mai 2026<\/li><\/ul>\n","protected":false},"excerpt":{"rendered":"<p>Einmal so richtig abschalten, sich in der Musik verlieren und tanzen. F\u00fcr die, die es gerne nicht so heavy und mehr girly pop haben, sind unsere Mainstreampartys genau das richtige [&hellip;]<\/p>\n","protected":false},"author":1,"featured_media":0,"parent":32,"menu_order":0,"comment_status":"closed","ping_status":"closed","template":"","meta":{"_EventAllDay":false,"_EventTimezone":"","_EventStartDate":"","_EventEndDate":"","_EventStartDateUTC":"","_EventEndDateUTC":"","_EventShowMap":false,"_EventShowMapLink":false,"_EventURL":"","_EventCost":"","_EventCostDescription":"","_EventCurrencySymbol":"","_EventCurrencyCode":"","_EventCurrencyPosition":"","_EventDateTimeSeparator":"","_EventTimeRangeSeparator":"","_EventOrganizerID":[],"_EventVenueID":[],"_OrganizerEmail":"","_OrganizerPhone":"","_OrganizerWebsite":"","_VenueAddress":"","_VenueCity":"","_VenueCountry":"","_VenueProvince":"","_VenueState":"","_VenueZip":"","_VenuePhone":"","_VenueURL":"","_VenueStateProvince":"","_VenueLat":"","_VenueLng":"","_VenueShowMap":false,"_VenueShowMapLink":false,"footnotes":""},"class_list":["post-219","page","type-page","status-publish","hentry","cat_metal-abend"],"_links":{"self":[{"href":"https:\/\/kistehgw.de\/index.php\/wp-json\/wp\/v2\/pages\/219","targetHints":{"allow":["GET"]}}],"collection":[{"href":"https:\/\/kistehgw.de\/index.php\/wp-json\/wp\/v2\/pages"}],"about":[{"href":"https:\/\/kistehgw.de\/index.php\/wp-json\/wp\/v2\/types\/page"}],"author":[{"embeddable":true,"href":"https:\/\/kistehgw.de\/index.php\/wp-json\/wp\/v2\/users\/1"}],"replies":[{"embeddable":true,"href":"https:\/\/kistehgw.de\/index.php\/wp-json\/wp\/v2\/comments?post=219"}],"version-history":[{"count":5,"href":"https:\/\/kistehgw.de\/index.php\/wp-json\/wp\/v2\/pages\/219\/revisions"}],"predecessor-version":[{"id":248,"href":"https:\/\/kistehgw.de\/index.php\/wp-json\/wp\/v2\/pages\/219\/revisions\/248"}],"up":[{"embeddable":true,"href":"https:\/\/kistehgw.de\/index.php\/wp-json\/wp\/v2\/pages\/32"}],"wp:attachment":[{"href":"https:\/\/kistehgw.de\/index.php\/wp-json\/wp\/v2\/media?parent=219"}],"curies":[{"name":"wp","href":"https:\/\/api.w.org\/{rel}","templated":true}]}}